{"id":398,"date":"2015-08-22T06:22:52","date_gmt":"2015-08-22T05:22:52","guid":{"rendered":"http:\/\/mirabel-valdedrome.fr\/?page_id=398"},"modified":"2017-02-18T09:21:57","modified_gmt":"2017-02-18T08:21:57","slug":"la-poste-a-mirabel-et-blacons","status":"publish","type":"page","link":"https:\/\/mirabel-valdedrome.fr\/?page_id=398","title":{"rendered":"La Poste \u00e0 Mirabel-et-Blacons"},"content":{"rendered":"<h3 style=\"text-align: center;\">UNE HISTOIRE MOUVEMENT\u00c9E<\/h3>\n<p>&nbsp;<\/p>\n<p style=\"text-align: center;\"><a href=\"https:\/\/mirabel-valdedrome.fr\/wp-content\/uploads\/2015\/08\/la-poste-M-et-B.jpg\"><img loading=\"lazy\" decoding=\"async\" class=\"alignnone size-medium wp-image-405\" src=\"https:\/\/mirabel-valdedrome.fr\/wp-content\/uploads\/2015\/08\/la-poste-M-et-B-300x191.jpg\" alt=\"la poste M et B\" width=\"300\" height=\"191\" srcset=\"https:\/\/mirabel-valdedrome.fr\/wp-content\/uploads\/2015\/08\/la-poste-M-et-B-300x191.jpg 300w, https:\/\/mirabel-valdedrome.fr\/wp-content\/uploads\/2015\/08\/la-poste-M-et-B.jpg 640w\" sizes=\"(max-width: 300px) 100vw, 300px\" \/><\/a><\/p>\n<p><strong>le 23 f\u00e9vrier 1863 :<\/strong> demande de rattachement de la commune au bureau de poste d&rsquo;Aouste et non plus de Beaufort<\/p>\n<p><strong>Le 11 novembre 1875<\/strong>, le conseil municipal demande l&rsquo;installation de 2 boites aux lettres sur la commune, une au village de Mirabel et l&rsquo;autre aux Berthalais. Demande accept\u00e9e et ouverture d&rsquo;un cr\u00e9dit de 44,50 fr.<\/p>\n<p><strong>12 novembre 1882<\/strong> : achat d&rsquo;une boite aux lettres r\u00e9glementaire pour Blacons, r\u00e9clam\u00e9e par la Poste<\/p>\n<p><strong>f\u00e9vrier 1886<\/strong> : demande pour que le retour du courrier de Beaufort se fasse par Blacons afin d&rsquo;\u00e9viter le retard des d\u00e9parts d&rsquo;un jour<\/p>\n<h3 style=\"text-align: center;\"><a href=\"https:\/\/mirabel-valdedrome.fr\/wp-content\/uploads\/2015\/08\/entr\u00e9e-\u00e9glise-2.jpg\"><img loading=\"lazy\" decoding=\"async\" class=\"alignnone wp-image-410 size-large\" src=\"https:\/\/mirabel-valdedrome.fr\/wp-content\/uploads\/2015\/08\/entr\u00e9e-\u00e9glise-2-900x1024.jpg\" alt=\"entr\u00e9e \u00e9glise (2)\" width=\"474\" height=\"539\" srcset=\"https:\/\/mirabel-valdedrome.fr\/wp-content\/uploads\/2015\/08\/entr\u00e9e-\u00e9glise-2-900x1024.jpg 900w, https:\/\/mirabel-valdedrome.fr\/wp-content\/uploads\/2015\/08\/entr\u00e9e-\u00e9glise-2-264x300.jpg 264w, https:\/\/mirabel-valdedrome.fr\/wp-content\/uploads\/2015\/08\/entr\u00e9e-\u00e9glise-2.jpg 906w\" sizes=\"(max-width: 474px) 100vw, 474px\" \/><\/a><\/h3>\n<p><strong>le 25 avril 1910 :<\/strong> Arr\u00eat\u00e9 du minist\u00e8re des travaux publics, des postes et des t\u00e9l\u00e9graphes portant cr\u00e9ation d&rsquo;un \u00e9tablissement de facteur-receveur sur la commune de Mirabel et Blacons. Mise en activit\u00e9 le 1<sup>er<\/sup> juillet 1910, ouverture au public le 16 octobre au plus tard<\/p>\n<p><strong>1\u00b0 juillet 1910<\/strong>, ce bureau devra, selon le sous-pr\u00e9fet de Die, \u00eatre \u00e9tabli aux Berthalais. Le central t\u00e9l\u00e9phonique, d&rsquo;abord pr\u00e9vu \u00e0 Blacons, devrait \u00eatre coupl\u00e9 au bureau de poste. R\u00e9ponse n\u00e9gative de la commune sur toutes les propositions du Sous-Pr\u00e9fet le 7 juillet 1910<\/p>\n<p><strong>17 juin 1911<\/strong> : le minist\u00e8re signifie par \u00e9crit au pr\u00e9fet son impatience devant la situation de blocage : Suze et Montclar veulent le bureau aux Berthalais, Mirabel et Blacons le veut \u00e0 Blacons, sinon il refuse de s&rsquo;engager financi\u00e8rement. Le d\u00e9put\u00e9 consult\u00e9 opte pour le retrait du projet : d&rsquo;autres communes dromoises attendent&#8230;<\/p>\n<p><strong>En ao\u00fbt 1911<\/strong>, une boite aux lettres est demand\u00e9e pour la station ferroviaire de Pi\u00e8gros-la Clastre pay\u00e9e enti\u00e8rement par Mirabel et Blacons<\/p>\n<p><strong>le 9 juillet 1912<\/strong>, la direction de la Dr\u00f4me envoie une lettre au pr\u00e9fet faisant \u00e9tat d&rsquo;un courrier du \u00ab\u00a0comit\u00e9 de d\u00e9fense r\u00e9publicaine et de pr\u00e9voyance sociale de Mirabel et Blacons\u00a0\u00bb (install\u00e9 aux Berthalais) sollicitant \u00e0 nouveau l&rsquo;installation du bureau de facteur-receveur cr\u00e9\u00e9 par l&rsquo;arr\u00eat\u00e9 du 12 avril 1910. Conclusion de la lettre de la direction : \u00ab\u00a0n&rsquo;y aurait-il pas int\u00e9r\u00eat \u00e0 rapporter purement et simplement l&rsquo;arr\u00eat\u00e9 pr\u00e9cit\u00e9 ? \u00a0\u00bb (Arr\u00eat\u00e9 du 25 avril 1910)<\/p>\n<h3 style=\"text-align: center;\"><a href=\"https:\/\/mirabel-valdedrome.fr\/wp-content\/uploads\/2015\/08\/facteur-en-tourn\u00e9e.jpg\"><img loading=\"lazy\" decoding=\"async\" class=\"alignnone wp-image-406 size-medium\" src=\"https:\/\/mirabel-valdedrome.fr\/wp-content\/uploads\/2015\/08\/facteur-en-tourn\u00e9e-300x196.jpg\" alt=\"facteur en tourn\u00e9e\" width=\"300\" height=\"196\" srcset=\"https:\/\/mirabel-valdedrome.fr\/wp-content\/uploads\/2015\/08\/facteur-en-tourn\u00e9e-300x196.jpg 300w, https:\/\/mirabel-valdedrome.fr\/wp-content\/uploads\/2015\/08\/facteur-en-tourn\u00e9e.jpg 1020w\" sizes=\"(max-width: 300px) 100vw, 300px\" \/><\/a><\/h3>\n<p><strong>le 11 octobre 1912<\/strong>, le comit\u00e9 de d\u00e9fense revient \u00e0 la charge, les 4 conseillers municipaux des Berthalais en t\u00eate (F\u00e9lix, Aubert, Reynier, Lagier), aupr\u00e8s de la direction des P&amp;T<\/p>\n<p><strong>le 5 novembre 1912<\/strong>, le directeur des P&amp;T \u00e9crit au pr\u00e9fet en substance : la cr\u00e9ation du bureau n&rsquo;a \u00e9t\u00e9 autoris\u00e9e que s&rsquo;il \u00e9tait implant\u00e9 aux Berthalais. Suze et Montclar subordonnent leur appui \u00e0 cette condition.<\/p>\n<p>CONCLUSION : SI MIRABEL ET BLACONS NE SE RALLIE PAS AU PROJET DE BUREAU AUX BERTHALAIS, IL Y AURA OBLIGATION DE RAPPORTER L&rsquo;ARR\u00caT\u00c9 DE 1910.<\/p>\n<h6 style=\"text-align: center;\"><a href=\"https:\/\/mirabel-valdedrome.fr\/wp-content\/uploads\/2015\/08\/voiture-postale-ancienne.jpg\"><img loading=\"lazy\" decoding=\"async\" class=\"alignnone wp-image-404 size-full\" src=\"https:\/\/mirabel-valdedrome.fr\/wp-content\/uploads\/2015\/08\/voiture-postale-ancienne.jpg\" alt=\"voiture postale ancienne\" width=\"290\" height=\"174\" \/><\/a><\/h6>\n<h6><strong>C&rsquo;est ce qui arriva en fin de compte.<\/strong><\/h6>\n<p>Puis la guerre de 14 et les temps difficiles de l&rsquo;entre- deux-guerres firent passer beaucoup de choses au second plan des pr\u00e9occupations de notre communaut\u00e9.<\/p>\n<p><a href=\"https:\/\/mirabel-valdedrome.fr\/?page_id=400\" target=\"_blank\"><strong>Le t\u00e9l\u00e9phone<\/strong><\/a> a rejoint l&rsquo;administration des postes et t\u00e9l\u00e9graphes.<\/p>\n<p>Il faudra attendre le d\u00e9but des <strong>ann\u00e9es 50<\/strong> pour que l&rsquo;administration des PTT accepte de revoir la question sous la pression des 4 usines en activit\u00e9 dans la commune. Elle propose dans un premier temps de cr\u00e9er une agence postale. Install\u00e9e dans le local qui est aujourd&rsquo;hui celui des infirmi\u00e8res et g\u00e9r\u00e9e par Madame Aim\u00e9e Thivolet, elle commence son activit\u00e9 en <strong>d\u00e9cembre 1954<\/strong>. Trois tourn\u00e9es de distribution en d\u00e9pendent.<\/p>\n<p><strong>En 1962<\/strong>, les PTT transforment l&rsquo;agence postale en recette-distribution. Les locaux utilis\u00e9s jusqu&rsquo;\u00e0 pr\u00e9sent ne suffisent plus. La commune ach\u00e8te donc la maison de M. Louis Salles, alors en vente, et la transforme pour sa nouvelle destination. Le premier receveur, M. Audigier, restera en place plus de 10 ans. Son rempla\u00e7ant \u00e9ph\u00e9m\u00e8re, pour environ 2 ans, sera M. Giraud. Puis, il y aura M. Marc Roubat pendant plus de 10 ans.<\/p>\n<p><strong>En 1992<\/strong>, la Poste cr\u00e9e une nouvelle recette n\u00e9e de la fusion de Mirabel et Blacons et Pi\u00e9gros-la Clastre et la nomme : Mirabel-Pi\u00e9gros. Mme Mireille Ollier, pr\u00e9c\u00e9demment en charge du bureau de Pi\u00e9gros-la Clastre, en devient la receveuse.<\/p>\n<p><strong>En 2003<\/strong>, la Poste projette de fermer le guichet de Pi\u00e9gros-la Clastre et propose \u00e0 cette commune la transformation en agence postale communale ; ceci est accept\u00e9 et mis en place.<\/p>\n<p><strong>En 2005<\/strong>, le bureau de Mirabel et Blacons, jusque l\u00e0 de plein exercice, devient un simple guichet de proximit\u00e9 d\u00e9pendant de Crest. Il est tenu par Chantal Magnificat.<\/p>\n<p><strong>Fin 2007<\/strong>, le taux d&rsquo;occupation des agents de Beaufort et Mirabel et Blacons n&rsquo;est pas jug\u00e9 suffisant par les dirigeants de la Poste. Ils proposent donc la transformation du guichet de Blacons en agence postale communale ou le maintien d&rsquo;une seule personne (Chantal Magnificat) assurant le service dans les 2 villages, le matin \u00e0 Blacons et l&rsquo;apr\u00e8s-midi \u00e0 Beaufort. Le conseil municipal de Mirabel et blacons, consult\u00e9, donne un avis n\u00e9gatif et demande le statu quo.<\/p>\n<p><strong> D\u00e9but 2008<\/strong>, la Poste revient \u00e0 la charge aupr\u00e8s des \u00e9diles. La seconde proposition est finalement accept\u00e9e et mise imm\u00e9diatement en application.<\/p>\n<p><strong>ET CE QUI \u00c9TAIT PR\u00c9VU&#8230;<\/strong><\/p>\n<p>\u00c0 la suite de la transformation de la Poste en soci\u00e9t\u00e9 anonyme et la perte totale du monopole, la fermeture de notre guichet \u00e9tait in\u00e9luctable : elle fut effective en <strong>fin d&rsquo;ann\u00e9e 2012.<\/strong><\/p>\n<p><strong>\u00a0<\/strong>La Commune refusant la cr\u00e9ation d&rsquo;une agence postale, un point-poste (relais-poste, derni\u00e8re d\u00e9nomination) fut install\u00e9 au Relais des Mousquetaires. Les Blaconnais peuvent d\u00e9sormais y effectuer les op\u00e9rations de base comme le\u00a0retrait en d\u00e9pannage d&rsquo;argent, l&rsquo;achat de timbres, l&rsquo;envoi de recommand\u00e9s, l&rsquo;achat de certains PAP (Pr\u00eat-\u00e0-poster)&#8230; Pour le reste, il faut aller soit \u00e0 Aouste (ouvert seulement le matin) soit \u00e0 Crest.<\/p>\n<p><strong>Ainsi a souffl\u00e9 le vent postal sur notre commune !\u00a0<\/strong><strong>Soufflera t-il encore longtemps ?<\/strong><\/p>\n","protected":false},"excerpt":{"rendered":"<p>UNE HISTOIRE MOUVEMENT\u00c9E &nbsp; le 23 f\u00e9vrier 1863 : demande de rattachement de la commune au bureau de poste d&rsquo;Aouste et non plus de Beaufort Le 11 novembre 1875, le conseil municipal demande l&rsquo;installation de 2 boites aux lettres sur la commune, une au village de Mirabel et l&rsquo;autre aux Berthalais. Demande accept\u00e9e et ouverture &hellip; <a href=\"https:\/\/mirabel-valdedrome.fr\/?page_id=398\" class=\"more-link\">Continuer la lecture de <span class=\"screen-reader-text\">La Poste \u00e0 Mirabel-et-Blacons<\/span>  <span class=\"meta-nav\">&rarr;<\/span><\/a><\/p>\n","protected":false},"author":3,"featured_media":0,"parent":0,"menu_order":0,"comment_status":"closed","ping_status":"closed","template":"","meta":{"footnotes":""},"_links":{"self":[{"href":"https:\/\/mirabel-valdedrome.fr\/index.php?rest_route=\/wp\/v2\/pages\/398"}],"collection":[{"href":"https:\/\/mirabel-valdedrome.fr\/index.php?rest_route=\/wp\/v2\/pages"}],"about":[{"href":"https:\/\/mirabel-valdedrome.fr\/index.php?rest_route=\/wp\/v2\/types\/page"}],"author":[{"embeddable":true,"href":"https:\/\/mirabel-valdedrome.fr\/index.php?rest_route=\/wp\/v2\/users\/3"}],"replies":[{"embeddable":true,"href":"https:\/\/mirabel-valdedrome.fr\/index.php?rest_route=%2Fwp%2Fv2%2Fcomments&post=398"}],"version-history":[{"count":9,"href":"https:\/\/mirabel-valdedrome.fr\/index.php?rest_route=\/wp\/v2\/pages\/398\/revisions"}],"predecessor-version":[{"id":773,"href":"https:\/\/mirabel-valdedrome.fr\/index.php?rest_route=\/wp\/v2\/pages\/398\/revisions\/773"}],"wp:attachment":[{"href":"https:\/\/mirabel-valdedrome.fr\/index.php?rest_route=%2Fwp%2Fv2%2Fmedia&parent=398"}],"curies":[{"name":"wp","href":"https:\/\/api.w.org\/{rel}","templated":true}]}}